{"id":17724,"date":"2026-03-17T09:49:08","date_gmt":"2026-03-17T09:49:08","guid":{"rendered":"https:\/\/www.fws.ch\/?page_id=17724"},"modified":"2026-03-17T10:00:23","modified_gmt":"2026-03-17T10:00:23","slug":"inscription-apac-veyrier","status":"publish","type":"page","link":"https:\/\/www.fws.ch\/fr\/inscription-apac-veyrier\/","title":{"rendered":"Inscription au programme \u00ab\u00a0Accompagnement PAC\u00a0\u00bb &#8211; Veyrier"},"content":{"rendered":"<table style=\"border-collapse: collapse; width: 100%; height: 94px;\">\n<tbody>\n<tr style=\"height: 79px;\">\n<td style=\"width: 100%; height: 23px;\">\n<p style=\"text-align: center;\"><span style=\"font-size: 18pt; font-family: helvetica, arial, sans-serif;\"><strong>Commune de Veyrier<\/strong><\/span><\/p>\n<\/td>\n<\/tr>\n<tr style=\"height: 24px;\">\n<td style=\"width: 100%; height: 10px;\">\n<p style=\"text-align: center;\"><img decoding=\"async\" src=\"https:\/\/upload.wikimedia.org\/wikipedia\/commons\/thumb\/9\/96\/CHE_Veyrier_Logo_Var.svg\/250px-CHE_Veyrier_Logo_Var.svg.png?_=20230511195133\" alt=\"File:CHE Veyrier Logo Var.svg\" \/><\/p>\n<\/td>\n<\/tr>\n<tr style=\"height: 103px;\">\n<td style=\"width: 100%; height: 61px;\">\n<p style=\"text-align: center;\"><span style=\"font-family: helvetica, arial, sans-serif;\"><a href=\"https:\/\/www.fws.ch\/fr\/inscription-apac\/inscription-veyrier\/\"><span style=\"text-decoration: underline;\"><strong><span style=\"font-size: 14pt;\">Acc\u00e8s au formulaire d&#8217;inscription<\/span><\/strong><\/span><\/a><\/span><br \/>\n<span style=\"font-family: helvetica, arial, sans-serif;\"><a href=\"https:\/\/www.fws.ch\/fr\/inscription-apac\/inscription-veyrier\/\"><span style=\"text-decoration: underline;\"><strong><span style=\"font-size: 14pt;\">\u00ab Accompagnement PAC \u00bb &#8211; Veyrier<\/span><\/strong><\/span><\/a><\/span><\/p>\n<p style=\"text-align: center;\"><span style=\"font-family: helvetica, arial, sans-serif;\"><strong><em>Formulaire accessible du 18 mars au 3 mai 2026<\/em><\/strong><\/span><\/p>\n<\/td>\n<\/tr>\n<\/tbody>\n<\/table>\n<p>Madame, Monsieur,<\/p>\n<p>Une s\u00e9ance d\u2019information publique sur les pompes \u00e0 chaleur est pr\u00e9vue le 18 mars 2026 \u00e0 Veyrier. Vous pourrez y d\u00e9couvrir le d\u00e9roulement du programme d&#8217;accompagnement sur les pompes \u00e0 chaleur mais \u00e9galement son fonctionnement, les \u00e9tapes d&#8217;un tel projet ainsi que les aides \u00e0 dispositions.<\/p>\n<p>Ce programme d&#8217;accompagnement, soutenu par votre commune, sera men\u00e9 \u00e0 bien par le <strong>Groupement Professionnel Suisse pour les Pompes \u00e0 chaleur (GSP)<\/strong>, l&#8217;association fa\u00eeti\u00e8re pour les pompes \u00e0 chaleur en Suisse.<\/p>\n<p>Le programme vous accompagnera dans les d\u00e9marches n\u00e9cessaires afin d&#8217;obtenir 2 offres cl\u00e9 en main de qualit\u00e9 propos\u00e9es par des installateurs qualifi\u00e9s de votre r\u00e9gion. Chaque installateur effectuera une visite de votre b\u00e2timent et vous proposera une offre accompagn\u00e9e de documents techniques.<\/p>\n<p>Suite \u00e0 cela, les offres seront analys\u00e9es par le GSP selon des crit\u00e8res bien d\u00e9finis qui vous ont \u00e9t\u00e9 pr\u00e9sent\u00e9s lors de la s\u00e9ance d&#8217;information. Cette analyse d\u00e9bouchera sur un document r\u00e9capitulatif des offres accompagn\u00e9 de recommandations vous permettant d&#8217;opter pour l&#8217;offre la plus adapt\u00e9e \u00e0 votre projet.<\/p>\n<p>Afin de vous engager formellement dans le programme d&#8217;accompagnement pour les pompes \u00e0 chaleur, il ne vous reste plus qu&#8217;\u00e0 remplir le formulaire d&#8217;inscription ci-dessus. Ces informations seront utilis\u00e9es pour planifier l&#8217;installation de votre future pompe \u00e0 chaleur.<\/p>\n<p>Notez que seuls les champs pourvus d&#8217;un ast\u00e9risque <span style=\"color: #ff0000;\">*<\/span> sont obligatoires.<\/p>\n","protected":false},"excerpt":{"rendered":"<p>Commune de Veyrier Acc\u00e8s au formulaire d&#8217;inscription \u00ab Accompagnement PAC \u00bb &#8211; Veyrier Formulaire accessible du 18 mars au 3 mai 2026 Madame, Monsieur, Une s\u00e9ance d\u2019information publique sur les pompes \u00e0 chaleur est pr\u00e9vue le 18 mars 2026 \u00e0 Veyrier. Vous pourrez y d\u00e9couvrir le d\u00e9roulement du programme d&#8217;accompagnement sur les pompes \u00e0 chaleur&#8230;<\/p>\n","protected":false},"author":16,"featured_media":7294,"parent":0,"menu_order":0,"comment_status":"closed","ping_status":"closed","template":"","meta":{"footnotes":""},"class_list":["post-17724","page","type-page","status-publish","has-post-thumbnail","hentry"],"_links":{"self":[{"href":"https:\/\/www.fws.ch\/fr\/wp-json\/wp\/v2\/pages\/17724","targetHints":{"allow":["GET"]}}],"collection":[{"href":"https:\/\/www.fws.ch\/fr\/wp-json\/wp\/v2\/pages"}],"about":[{"href":"https:\/\/www.fws.ch\/fr\/wp-json\/wp\/v2\/types\/page"}],"author":[{"embeddable":true,"href":"https:\/\/www.fws.ch\/fr\/wp-json\/wp\/v2\/users\/16"}],"replies":[{"embeddable":true,"href":"https:\/\/www.fws.ch\/fr\/wp-json\/wp\/v2\/comments?post=17724"}],"version-history":[{"count":3,"href":"https:\/\/www.fws.ch\/fr\/wp-json\/wp\/v2\/pages\/17724\/revisions"}],"predecessor-version":[{"id":17729,"href":"https:\/\/www.fws.ch\/fr\/wp-json\/wp\/v2\/pages\/17724\/revisions\/17729"}],"wp:featuredmedia":[{"embeddable":true,"href":"https:\/\/www.fws.ch\/fr\/wp-json\/wp\/v2\/media\/7294"}],"wp:attachment":[{"href":"https:\/\/www.fws.ch\/fr\/wp-json\/wp\/v2\/media?parent=17724"}],"curies":[{"name":"wp","href":"https:\/\/api.w.org\/{rel}","templated":true}]}}